{"id":2008,"date":"2017-10-05T11:54:31","date_gmt":"2017-10-05T11:54:31","guid":{"rendered":"https:\/\/www.radiustheme.com\/demo\/wordpress\/miako\/?page_id=2008"},"modified":"2023-06-27T10:37:12","modified_gmt":"2023-06-27T08:37:12","slug":"omnie","status":"publish","type":"page","link":"https:\/\/adwjachimczyk.pl\/index.php\/omnie\/","title":{"rendered":"O mnie"},"content":{"rendered":"<p>[vc_row full_width=&#8221;stretch_row&#8221; css=&#8221;.vc_custom_1507205870861{background-color: #f8f8f8 !important;}&#8221;][vc_column]<div class=\"\">\r\n\t<div class=\"rt-about-one\">\r\n\t\t<div class=\"row\">\r\n\t\t\t\t\t\t\t\t<div class=\"col-lg-6 col-md-6 col-sm-6 col-xs-12\">\r\n\t\t\t\t<div class=\"rtin-about-image\">\r\n\t\t\t\t\t<a href=\"\"><img width=\"1600\" height=\"1067\" src=\"https:\/\/adwjachimczyk.pl\/wp-content\/uploads\/2017\/10\/1B-kopia.jpg\" class=\"attachment-full size-full\" alt=\"\" decoding=\"async\" loading=\"lazy\" srcset=\"https:\/\/adwjachimczyk.pl\/wp-content\/uploads\/2017\/10\/1B-kopia.jpg 1600w, https:\/\/adwjachimczyk.pl\/wp-content\/uploads\/2017\/10\/1B-kopia-300x200.jpg 300w, https:\/\/adwjachimczyk.pl\/wp-content\/uploads\/2017\/10\/1B-kopia-768x512.jpg 768w, https:\/\/adwjachimczyk.pl\/wp-content\/uploads\/2017\/10\/1B-kopia-1024x683.jpg 1024w, https:\/\/adwjachimczyk.pl\/wp-content\/uploads\/2017\/10\/1B-kopia-1080x720.jpg 1080w\" sizes=\"(max-width: 1600px) 100vw, 1600px\" \/><\/a>\r\n\t\t\t\t<\/div>\r\n\t\t\t<\/div>\r\n\t\t\t\t\t\t<div class=\"col-lg-6 col-md-6 col-sm-6 col-xs-12\">\r\n\t\t\t\t<div class=\"rtin-about-content\">\r\n\t\t\t\t<h1 style=\"color:#cf9455; font-size:35px;\">Adw. Mateusz Jachimczyk<\/h1>\r\n\t\t\t\t\t<div class=\"rtin-about-text\">prowadz\u0119 Kancelari\u0119 Adwokack\u0105 w Warszawie i od 6 lat z powodzeniem\u00a0 reprezentuj\u0119 konsument\u00f3w w sporach z bankami w sprawach tzw. kredyt\u00f3w frankowych. Swoje do\u015bwiadczenie w tej materii zdoby\u0142em wsp\u00f3\u0142pracuj\u0105c z jedn\u0105 z najwi\u0119kszych Warszawskich Kancelarii zajmuj\u0105cych si\u0119 problematyk\u0105 kredyt\u00f3w powi\u0105zanych z walut\u0105 obc\u0105.<\/p>\n<p>Zajmuj\u0119 si\u0119 r\u00f3wnie\u017c obs\u0142ug\u0105 os\u00f3b fizycznych oraz prawnych w szeroko rozumianym prawie cywilnym. Swoj\u0105 wiedz\u0119 zdobywa\u0142em na Uniwersytecie Kardyna\u0142a Stefana Wyszy\u0144skiego w Warszawie, oraz podczas aplikacji adwokackiej przy Okr\u0119gowej Radzie Adwokackiej w Warszawie. Wsp\u00f3\u0142pracowa\u0142em z du\u017cymi warszawskimi kancelariami oraz tymi ma\u0142ymi, dzi\u0119ki temu wiem jak po\u0142\u0105czy\u0107 zalety obu tych sposob\u00f3w prowadzenia dzia\u0142alno\u015bci prawniczej.<\/p>\n<p>&nbsp;<\/div>\r\n\t\t\t\t\t\t\t\t\t<\/div>\r\n\t\t\t<\/div>\r\n\t\t\t\t<\/div>\r\n\t<\/div>\r\n<\/div>[\/vc_column][\/vc_row][vc_row][vc_column]<div class=\"rt-testimonial-slider-2 owl-wrap rt-owl-nav-2 slider-nav-enabled slider-dot-enabled\">\t\t\r\n\t<div class=\"owl-theme owl-carousel rt-owl-carousel\" data-carousel-options=\"{&quot;nav&quot;:true,&quot;navText&quot;:[&quot;&lt;i class=&#039;fa fa-angle-left&#039;&gt;&lt;\\\/i&gt;&quot;,&quot;&lt;i class=&#039;fa fa-angle-right&#039;&gt;&lt;\\\/i&gt;&quot;],&quot;dots&quot;:true,&quot;autoplay&quot;:true,&quot;autoplayTimeout&quot;:&quot;5000&quot;,&quot;autoplaySpeed&quot;:&quot;200&quot;,&quot;autoplayHoverPause&quot;:true,&quot;loop&quot;:true,&quot;margin&quot;:0,&quot;responsive&quot;:[{&quot;items&quot;:1}]}\">\r\n\t\t\t\t\t\t\t\t\t\t\t\t\t\r\n\t\t\t\t<div class=\"rtin-single-testimonial\">\r\n\t\t\t\t\t<div class=\"rtin-testi-content\" style=\"color:#444444\">&#8220;Bezcenna pomoc merytoryczna i nietuzinkowe podej\u015bcie do problemu. Swietnie wykonana praca &#8211; jestem bardzo zadowolony z rezultat\u00f3w. Polecam!&#8221;<\/div>\t\t\r\n\t\t\t\t\t<div class=\"rtin-testi-img\">\r\n\t\t\t\t\t\t<div class=\"img-holder\">\r\n\t\t\t\t\t\t\t\t\t\t\t\t\t<\/div>\r\n\t\t\t\t\t\t<h3 style=\"color:#000000\">Przemys\u0142aw T.<\/h3>\r\n\t\t\t\t\t\t\t\t\t\t\t<\/div>\r\n\t\t\t\t<\/div>\r\n\t\t\t\t\t\t\t\t\t\t\t\r\n\t\t\t\t<div class=\"rtin-single-testimonial\">\r\n\t\t\t\t\t<div class=\"rtin-testi-content\" style=\"color:#444444\">&#8220;Mateusz to bardzo skuteczny i zorientowany na cel prawnik z du\u017c\u0105 wiedz\u0105 i ciekawymi pomys\u0142ami na rozwi\u0105zywanie problem\u00f3w. Ma bardzo dobre umiej\u0119tno\u015bci komunikacyjne i przyjazn\u0105 postaw\u0119. W naszej wsp\u00f3\u0142pracy wykaza\u0142 si\u0119 pro-aktywno\u015bci\u0105 i szybkim reagowaniem na r\u00f3\u017cne sytuacje. Polecam Mateusza wszystkim, kt\u00f3rzy szukaj\u0105 skutecznej pomocy prawnej.&#8221;<\/div>\t\t\r\n\t\t\t\t\t<div class=\"rtin-testi-img\">\r\n\t\t\t\t\t\t<div class=\"img-holder\">\r\n\t\t\t\t\t\t\t\t\t\t\t\t\t<\/div>\r\n\t\t\t\t\t\t<h3 style=\"color:#000000\">Bartosz P.<\/h3>\r\n\t\t\t\t\t\t\t\t\t\t\t<\/div>\r\n\t\t\t\t<\/div>\r\n\t\t\t\t\t\t\t\t\t\t\t\r\n\t\t\t\t<div class=\"rtin-single-testimonial\">\r\n\t\t\t\t\t<div class=\"rtin-testi-content\" style=\"color:#444444\">&#8220;Wiedza, kwalifikacje, do\u015bwiadczenie, spos\u00f3b podej\u015bcia do sprawy i do klienta na najwy\u017cszym poziomie, a to najwa\u017cniejsze w tej pracy. Jest konkretny i rzeczowy, potrafi uspokoi\u0107 emocje i profesjonalnie podej\u015bcie do problemu. Szczerze polecam Pana Mecenasa!&#8221;<\/div>\t\t\r\n\t\t\t\t\t<div class=\"rtin-testi-img\">\r\n\t\t\t\t\t\t<div class=\"img-holder\">\r\n\t\t\t\t\t\t\t\t\t\t\t\t\t<\/div>\r\n\t\t\t\t\t\t<h3 style=\"color:#000000\">Mariola G.<\/h3>\r\n\t\t\t\t\t\t\t\t\t\t\t<\/div>\r\n\t\t\t\t<\/div>\r\n\t\t\t\t\t\t\t\t\t\t\t\r\n\t\t\t\t<div class=\"rtin-single-testimonial\">\r\n\t\t\t\t\t<div class=\"rtin-testi-content\" style=\"color:#444444\">&#8220;W mojej sprawie Pan Mateusz wykaza\u0142 si\u0119 pe\u0142nym profesjonalizmem oraz praktycznym i rzeczowym podej\u015bciem. Doskonale lawiruje w g\u0105szczu naszych przepis\u00f3w wynajduj\u0105c istotne i pomocne dla sprawy zapisy.&#8221;<\/div>\t\t\r\n\t\t\t\t\t<div class=\"rtin-testi-img\">\r\n\t\t\t\t\t\t<div class=\"img-holder\">\r\n\t\t\t\t\t\t\t\t\t\t\t\t\t<\/div>\r\n\t\t\t\t\t\t<h3 style=\"color:#000000\">Artur K.<\/h3>\r\n\t\t\t\t\t\t\t\t\t\t\t<\/div>\r\n\t\t\t\t<\/div>\r\n\t\t\t\t\t\t\t\t\t\t\t\r\n\t\t\t\t<div class=\"rtin-single-testimonial\">\r\n\t\t\t\t\t<div class=\"rtin-testi-content\" style=\"color:#444444\">&#8220;Wsp\u00f3\u0142praca z mecenasem to czysta przyjemno\u015b\u0107, rzetelny, profesjonalny, do ka\u017cdej sprawy podchodzi indywidualnie, pe\u0142ne zaanga\u017cowanie w dan\u0105 spraw\u0119. Serdecznie polecam.&#8221;<\/div>\t\t\r\n\t\t\t\t\t<div class=\"rtin-testi-img\">\r\n\t\t\t\t\t\t<div class=\"img-holder\">\r\n\t\t\t\t\t\t\t\t\t\t\t\t\t<\/div>\r\n\t\t\t\t\t\t<h3 style=\"color:#000000\">Agnieszka R.<\/h3>\r\n\t\t\t\t\t\t\t\t\t\t\t<\/div>\r\n\t\t\t\t<\/div>\r\n\t\t\t\t\t\t\t\t<\/div>\r\n<\/div>[\/vc_column][\/vc_row][vc_row full_width=&#8221;stretch_row&#8221; css=&#8221;.vc_custom_1543074270895{background-color: #cf9455 !important;}&#8221;][vc_column]<div class=\"rt-cta-1 vc_custom_1543074293492 rt-has-sub\">\n\t<div class=\"container\">\n\t\t<div class=\"row\">\n\t\t\t<div class=\"col-lg-9 col-md-9 col-sm-12 col-xs-12\">\n\t\t\t\t<h3 style=\"\">Przedstaw mi sw\u00f3j problem, wsp\u00f3lnie go rozwi\u0105\u017cemy.<\/h3>\n\t\t\t<\/div>\n\t\t\t<div class=\"col-lg-3 col-md-3 col-sm-12 col-xs-12\">\n\t\t\t\t<div class=\"rtin-cta-contact-button\">\n\t\t\t\t\t\t\t\t\t\t<a class=\"rdtheme-button-5\" href=\"http:\/\/adwjachimczyk.pl\/index.php\/kontakt\/\">um\u00f3w spotkanie<\/a>\n\t\t\t\t\t\t\t\t\t<\/div>\n\t\t\t<\/div>\n\t\t<\/div>\n\t<\/div>\n<\/div>[\/vc_column][\/vc_row][vc_row][vc_column][\/vc_column][\/vc_row]<\/p>\n","protected":false},"excerpt":{"rendered":"<p>[vc_row full_width=&#8221;stretch_row&#8221; css=&#8221;.vc_custom_1507205870861{background-color: #f8f8f8 !important;}&#8221;][vc_column][\/vc_column][\/vc_row][vc_row][vc_column][\/vc_column][\/vc_row][vc_row full_width=&#8221;stretch_row&#8221; css=&#8221;.vc_custom_1543074270895{background-color: #cf9455 !important;}&#8221;][vc_column][\/vc_column][\/vc_row][vc_row][vc_column][\/vc_column][\/vc_row]<\/p>\n","protected":false},"author":1,"featured_media":0,"parent":0,"menu_order":0,"comment_status":"closed","ping_status":"closed","template":"","meta":{"om_disable_all_campaigns":false,"_mi_skip_tracking":false},"aioseo_notices":[],"_links":{"self":[{"href":"https:\/\/adwjachimczyk.pl\/index.php\/wp-json\/wp\/v2\/pages\/2008"}],"collection":[{"href":"https:\/\/adwjachimczyk.pl\/index.php\/wp-json\/wp\/v2\/pages"}],"about":[{"href":"https:\/\/adwjachimczyk.pl\/index.php\/wp-json\/wp\/v2\/types\/page"}],"author":[{"embeddable":true,"href":"https:\/\/adwjachimczyk.pl\/index.php\/wp-json\/wp\/v2\/users\/1"}],"replies":[{"embeddable":true,"href":"https:\/\/adwjachimczyk.pl\/index.php\/wp-json\/wp\/v2\/comments?post=2008"}],"version-history":[{"count":19,"href":"https:\/\/adwjachimczyk.pl\/index.php\/wp-json\/wp\/v2\/pages\/2008\/revisions"}],"predecessor-version":[{"id":6300,"href":"https:\/\/adwjachimczyk.pl\/index.php\/wp-json\/wp\/v2\/pages\/2008\/revisions\/6300"}],"wp:attachment":[{"href":"https:\/\/adwjachimczyk.pl\/index.php\/wp-json\/wp\/v2\/media?parent=2008"}],"curies":[{"name":"wp","href":"https:\/\/api.w.org\/{rel}","templated":true}]}}