{"id":1885,"date":"2017-10-04T09:59:15","date_gmt":"2017-10-04T09:59:15","guid":{"rendered":"https:\/\/www.radiustheme.com\/demo\/wordpress\/miako\/?page_id=1885"},"modified":"2024-04-27T12:21:42","modified_gmt":"2024-04-27T10:21:42","slug":"home-1","status":"publish","type":"page","link":"https:\/\/adwjachimczyk.pl\/","title":{"rendered":"Strona G\u0142\u00f3wna"},"content":{"rendered":"<p>[vc_row][vc_column width=&#8221;1\/2&#8243;][vc_video link=&#8221;https:\/\/youtu.be\/DPPctsgJmqc&#8221;][\/vc_column][vc_column width=&#8221;1\/2&#8243;][vc_column_text]<\/p>\n<p class=\"has-large-font-size\">Masz kredyt CHF? Rozwi\u0105\u017c ten problem! 100% wygranych spraw!<\/p>\n<!-- \/wp:paragraph -->\n<p><!-- wp:paragraph -->Chcesz uniewa\u017cni\u0107 umow\u0119? Wy\u015blij mi swoj\u0105 umow\u0119 na adres <a href=\"mailto:biuro@adwjachimczyk.pl\">biuro@adwjachimczyk.pl<\/a>, a w 24h otrzymasz darmow\u0105 porad\u0119 oraz wst\u0119pn\u0105 kalkulacj\u0119 tego, co mo\u017cesz uzyska\u0107 kieruj\u0105c spraw\u0119 do s\u0105du.<\/p>\n<!-- \/wp:paragraph -->\n<p><!-- wp:paragraph -->Wraz z analiz\u0105 otrzymasz ofert\u0119 wsp\u00f3\u0142pracy z Kancelari\u0105, kt\u00f3ra zawiera dok\u0142adne wyliczenie kwoty, kt\u00f3r\u0105 b\u0119dziesz musia\u0142 zap\u0142aci\u0107 za prowadzenie sprawy.<\/p>\n<!-- \/wp:paragraph -->\n<p><!-- wp:paragraph -->Nadal si\u0119 zastanawiasz? Zapoznaj si\u0119 z poni\u017cszymi informacjami, a one pozwol\u0105 Ci podj\u0105\u0107 w\u0142a\u015bciw\u0105 decyzj\u0119. <a href=\"https:\/\/adwjachimczyk.pl\/index.php\/kredyty-frankowe\/\">Czytaj dalej<\/a><\/p>\n<p>[\/vc_column_text][\/vc_column][\/vc_row][vc_row css=&#8221;.vc_custom_1507119813907{padding-top: 55px !important;padding-bottom: 60px !important;}&#8221;][vc_column width=&#8221;1\/2&#8243;]<div class=\"\">\n\t<div class=\"rt-vc-title-2 rtin-section-title-left\">\n\t\t\t\t\t<h2 class=\"rt-section-title-vc title32 mitle28\" style=\"font-size:36px; color:#222222;\">REFERENCJE<\/h2>\n\t\t\t\t\t<div class=\"rt-section-sub-title-vc\" style=\"width:60%; color:#444444;\">Wygrane sprawy oraz zadowoleni Klienci daj\u0105 mi motywacj\u0119 do dalszej pracy. Poni\u017cej niekt\u00f3re opinie, kt\u00f3re poka\u017c\u0105 Ci jak wygl\u0105da wsp\u00f3\u0142praca ze mn\u0105.<\/div>\n\t\t\t<\/div>\n<\/div>[\/vc_column][vc_column width=&#8221;1\/2&#8243;]<div class=\"rt-testimonial-slider-2 owl-wrap rt-owl-nav-2 slider-dot-enabled\">\t\t\r\n\t<div class=\"owl-theme owl-carousel rt-owl-carousel\" data-carousel-options=\"{&quot;nav&quot;:false,&quot;navText&quot;:[&quot;&lt;i class=&#039;fa fa-angle-left&#039;&gt;&lt;\\\/i&gt;&quot;,&quot;&lt;i class=&#039;fa fa-angle-right&#039;&gt;&lt;\\\/i&gt;&quot;],&quot;dots&quot;:true,&quot;autoplay&quot;:true,&quot;autoplayTimeout&quot;:&quot;5000&quot;,&quot;autoplaySpeed&quot;:&quot;200&quot;,&quot;autoplayHoverPause&quot;:true,&quot;loop&quot;:true,&quot;margin&quot;:0,&quot;responsive&quot;:[{&quot;items&quot;:1}]}\">\r\n\t\t\t\t\t\t\t\t\t\t\t\t\t\r\n\t\t\t\t<div class=\"rtin-single-testimonial\">\r\n\t\t\t\t\t<div class=\"rtin-testi-content\" style=\"color:#444444\">&#8220;Bezcenna pomoc merytoryczna i nietuzinkowe podej\u015bcie do problemu. Swietnie wykonana praca &#8211; jestem bardzo zadowolony&hellip;<\/div>\t\t\r\n\t\t\t\t\t<div class=\"rtin-testi-img\">\r\n\t\t\t\t\t\t<div class=\"img-holder\">\r\n\t\t\t\t\t\t\t\t\t\t\t\t\t<\/div>\r\n\t\t\t\t\t\t<h3 style=\"color:#000000\">Przemys\u0142aw T.<\/h3>\r\n\t\t\t\t\t\t\t\t\t\t\t<\/div>\r\n\t\t\t\t<\/div>\r\n\t\t\t\t\t\t\t\t\t\t\t\r\n\t\t\t\t<div class=\"rtin-single-testimonial\">\r\n\t\t\t\t\t<div class=\"rtin-testi-content\" style=\"color:#444444\">&#8220;Mateusz to bardzo skuteczny i zorientowany na cel prawnik z du\u017c\u0105 wiedz\u0105 i ciekawymi pomys\u0142ami&hellip;<\/div>\t\t\r\n\t\t\t\t\t<div class=\"rtin-testi-img\">\r\n\t\t\t\t\t\t<div class=\"img-holder\">\r\n\t\t\t\t\t\t\t\t\t\t\t\t\t<\/div>\r\n\t\t\t\t\t\t<h3 style=\"color:#000000\">Bartosz P.<\/h3>\r\n\t\t\t\t\t\t\t\t\t\t\t<\/div>\r\n\t\t\t\t<\/div>\r\n\t\t\t\t\t\t\t\t\t\t\t\r\n\t\t\t\t<div class=\"rtin-single-testimonial\">\r\n\t\t\t\t\t<div class=\"rtin-testi-content\" style=\"color:#444444\">&#8220;Wiedza, kwalifikacje, do\u015bwiadczenie, spos\u00f3b podej\u015bcia do sprawy i do klienta na najwy\u017cszym poziomie, a to&hellip;<\/div>\t\t\r\n\t\t\t\t\t<div class=\"rtin-testi-img\">\r\n\t\t\t\t\t\t<div class=\"img-holder\">\r\n\t\t\t\t\t\t\t\t\t\t\t\t\t<\/div>\r\n\t\t\t\t\t\t<h3 style=\"color:#000000\">Mariola G.<\/h3>\r\n\t\t\t\t\t\t\t\t\t\t\t<\/div>\r\n\t\t\t\t<\/div>\r\n\t\t\t\t\t\t\t\t\t\t\t\r\n\t\t\t\t<div class=\"rtin-single-testimonial\">\r\n\t\t\t\t\t<div class=\"rtin-testi-content\" style=\"color:#444444\">&#8220;W mojej sprawie Pan Mateusz wykaza\u0142 si\u0119 pe\u0142nym profesjonalizmem oraz praktycznym i rzeczowym podej\u015bciem. Doskonale&hellip;<\/div>\t\t\r\n\t\t\t\t\t<div class=\"rtin-testi-img\">\r\n\t\t\t\t\t\t<div class=\"img-holder\">\r\n\t\t\t\t\t\t\t\t\t\t\t\t\t<\/div>\r\n\t\t\t\t\t\t<h3 style=\"color:#000000\">Artur K.<\/h3>\r\n\t\t\t\t\t\t\t\t\t\t\t<\/div>\r\n\t\t\t\t<\/div>\r\n\t\t\t\t\t\t\t\t<\/div>\r\n<\/div>[\/vc_column][\/vc_row][vc_row][vc_column]<div class=\"rt-post-vc-section-3 owl-wrap rt-owl-nav-2  slider-nav-enabled\">\r\n\t<div class=\"owl-theme owl-carousel rt-owl-carousel\" data-carousel-options=\"{&quot;nav&quot;:true,&quot;navText&quot;:[&quot;&lt;i class=&#039;fa fa-angle-left&#039;&gt;&lt;\\\/i&gt;&quot;,&quot;&lt;i class=&#039;fa fa-angle-right&#039;&gt;&lt;\\\/i&gt;&quot;],&quot;dots&quot;:false,&quot;autoplay&quot;:true,&quot;autoplayTimeout&quot;:&quot;5000&quot;,&quot;autoplaySpeed&quot;:&quot;200&quot;,&quot;autoplayHoverPause&quot;:true,&quot;loop&quot;:true,&quot;margin&quot;:10,&quot;responsive&quot;:{&quot;0&quot;:{&quot;items&quot;:1},&quot;480&quot;:{&quot;items&quot;:2},&quot;768&quot;:{&quot;items&quot;:2},&quot;992&quot;:{&quot;items&quot;:2},&quot;1200&quot;:{&quot;items&quot;:3}}}\">\r\n\t\t\t\t\t\t\t\t\t<div class=\"rt-post-slider-3\">\r\n\t\t\t\t<div class=\"entry-thumbnail-area\">\r\n\t\t\t\t\t<a href=\"https:\/\/adwjachimczyk.pl\/index.php\/2025\/11\/28\/prawomocny-wyrok-w-sprawie-przeciwko-bankowi-millennium-rekordowe-tempo-rozpoznania-apelacji\/\">\r\n\t\t\t\t\t\t\t\t\t\t\t<img width=\"370\" height=\"270\" src=\"https:\/\/adwjachimczyk.pl\/wp-content\/uploads\/2025\/11\/millennium-wygrana-370x270.png\" class=\"img-resfponsive wp-post-image\" alt=\"\" decoding=\"async\" loading=\"lazy\" srcset=\"https:\/\/adwjachimczyk.pl\/wp-content\/uploads\/2025\/11\/millennium-wygrana-370x270.png 370w, https:\/\/adwjachimczyk.pl\/wp-content\/uploads\/2025\/11\/millennium-wygrana-100x72.png 100w, https:\/\/adwjachimczyk.pl\/wp-content\/uploads\/2025\/11\/millennium-wygrana-560x410.png 560w\" sizes=\"(max-width: 370px) 100vw, 370px\" \/>\t\t\t\t\t<span class=\"post-date\">lis 28, 2025<\/span><\/a>\r\n\t\t\t\t\t<ul class=\"\">\r\n\t\t\t\t\t\t\t\t\t\t\t\t<li class=\"active\">lis 28, 2025<\/li>\r\n\t\t\t\t\t\t\t\t\t\t\r\n\t\t\t\t\t\t\t\t\t\t\t\t<li class=\"miako-author\"><i class=\"fa fa-user\" aria-hidden=\"true\"><\/i><span> By <\/span><a href=\"https:\/\/adwjachimczyk.pl\/index.php\/author\/admin8116\/\" title=\"Wpisy od Adw. Mateusz Jachimczyk\" rel=\"author\">Adw. Mateusz Jachimczyk<\/a><\/li>\r\n\t\t\t\t\t\t\t\t\t\t\t\t<li><i class=\"fa fa-comment-o\" aria-hidden=\"true\"><\/i><a href=\"https:\/\/adwjachimczyk.pl\/index.php\/2025\/11\/28\/prawomocny-wyrok-w-sprawie-przeciwko-bankowi-millennium-rekordowe-tempo-rozpoznania-apelacji\/#respond\"> 0<\/a><\/li>\r\n\t\t\t\t\t\t\t\t\t\t\t<\/ul>\r\n\t\t\t\t<\/div>\t\t\r\n\t\t\t\t<div class=\"entry-content\">\r\n\t\t\t\t\t<h3><a href=\"https:\/\/adwjachimczyk.pl\/index.php\/2025\/11\/28\/prawomocny-wyrok-w-sprawie-przeciwko-bankowi-millennium-rekordowe-tempo-rozpoznania-apelacji\/\">Prawomocny wyrok w sprawie przeciwko Bankowi Millennium. Rekordowe tempo rozpoznania apelacji<\/a><\/h3>\r\n\t\t\t\t\t\t\t\t\t\t<p class=\"blog-text\">W jednej z prowadzonych przez nas spraw zapad\u0142 prawomocny wyrok przed S\u0105dem Apelacyjnym, kt\u00f3ry utrzyma\u0142 w mocy rozstrzygni\u0119cie&hellip;<\/p>\r\n\t\t\t\t<\/div>\t\t\r\n\t\t\t<\/div>\t\r\n\t\t\t\t\t\t\t\t<div class=\"rt-post-slider-3\">\r\n\t\t\t\t<div class=\"entry-thumbnail-area\">\r\n\t\t\t\t\t<a href=\"https:\/\/adwjachimczyk.pl\/index.php\/2025\/11\/28\/prawomocny-wyrok-w-sprawie-przeciwko-syndykowi-masy-upadlosci-getin-noble-bank\/\">\r\n\t\t\t\t\t\t\t\t\t\t\t<img width=\"370\" height=\"270\" src=\"https:\/\/adwjachimczyk.pl\/wp-content\/uploads\/2025\/11\/millennium-wygrana1-370x270.png\" class=\"img-resfponsive wp-post-image\" alt=\"\" decoding=\"async\" loading=\"lazy\" srcset=\"https:\/\/adwjachimczyk.pl\/wp-content\/uploads\/2025\/11\/millennium-wygrana1-370x270.png 370w, https:\/\/adwjachimczyk.pl\/wp-content\/uploads\/2025\/11\/millennium-wygrana1-100x72.png 100w, https:\/\/adwjachimczyk.pl\/wp-content\/uploads\/2025\/11\/millennium-wygrana1-560x410.png 560w\" sizes=\"(max-width: 370px) 100vw, 370px\" \/>\t\t\t\t\t<span class=\"post-date\">lis 28, 2025<\/span><\/a>\r\n\t\t\t\t\t<ul class=\"\">\r\n\t\t\t\t\t\t\t\t\t\t\t\t<li class=\"active\">lis 28, 2025<\/li>\r\n\t\t\t\t\t\t\t\t\t\t\r\n\t\t\t\t\t\t\t\t\t\t\t\t<li class=\"miako-author\"><i class=\"fa fa-user\" aria-hidden=\"true\"><\/i><span> By <\/span><a href=\"https:\/\/adwjachimczyk.pl\/index.php\/author\/admin8116\/\" title=\"Wpisy od Adw. Mateusz Jachimczyk\" rel=\"author\">Adw. Mateusz Jachimczyk<\/a><\/li>\r\n\t\t\t\t\t\t\t\t\t\t\t\t<li><i class=\"fa fa-comment-o\" aria-hidden=\"true\"><\/i><a href=\"https:\/\/adwjachimczyk.pl\/index.php\/2025\/11\/28\/prawomocny-wyrok-w-sprawie-przeciwko-syndykowi-masy-upadlosci-getin-noble-bank\/#respond\"> 0<\/a><\/li>\r\n\t\t\t\t\t\t\t\t\t\t\t<\/ul>\r\n\t\t\t\t<\/div>\t\t\r\n\t\t\t\t<div class=\"entry-content\">\r\n\t\t\t\t\t<h3><a href=\"https:\/\/adwjachimczyk.pl\/index.php\/2025\/11\/28\/prawomocny-wyrok-w-sprawie-przeciwko-syndykowi-masy-upadlosci-getin-noble-bank\/\">Prawomocny wyrok w sprawie przeciwko syndykowi masy upad\u0142o\u015bci Getin Noble Bank<\/a><\/h3>\r\n\t\t\t\t\t\t\t\t\t\t<p class=\"blog-text\">W jednej z prowadzonych przez nas spraw S\u0105d Apelacyjny potwierdzi\u0142 niewa\u017cno\u015b\u0107 umowy kredytu indeksowanego do CHF zawartej z&hellip;<\/p>\r\n\t\t\t\t<\/div>\t\t\r\n\t\t\t<\/div>\t\r\n\t\t\t\t\t\t\t\t<div class=\"rt-post-slider-3\">\r\n\t\t\t\t<div class=\"entry-thumbnail-area\">\r\n\t\t\t\t\t<a href=\"https:\/\/adwjachimczyk.pl\/index.php\/2025\/03\/27\/prawomocna-wygrana-niewaznosc-umowy-kredytowej-banku-millennium\/\">\r\n\t\t\t\t\t\t\t\t\t\t\t<img width=\"370\" height=\"270\" src=\"https:\/\/adwjachimczyk.pl\/wp-content\/uploads\/2025\/03\/millennium-wygrana-370x270.jpg\" class=\"img-resfponsive wp-post-image\" alt=\"\" decoding=\"async\" loading=\"lazy\" srcset=\"https:\/\/adwjachimczyk.pl\/wp-content\/uploads\/2025\/03\/millennium-wygrana-370x270.jpg 370w, https:\/\/adwjachimczyk.pl\/wp-content\/uploads\/2025\/03\/millennium-wygrana-100x72.jpg 100w, https:\/\/adwjachimczyk.pl\/wp-content\/uploads\/2025\/03\/millennium-wygrana-560x410.jpg 560w\" sizes=\"(max-width: 370px) 100vw, 370px\" \/>\t\t\t\t\t<span class=\"post-date\">mar 27, 2025<\/span><\/a>\r\n\t\t\t\t\t<ul class=\"\">\r\n\t\t\t\t\t\t\t\t\t\t\t\t<li class=\"active\">mar 27, 2025<\/li>\r\n\t\t\t\t\t\t\t\t\t\t\r\n\t\t\t\t\t\t\t\t\t\t\t\t<li class=\"miako-author\"><i class=\"fa fa-user\" aria-hidden=\"true\"><\/i><span> By <\/span><a href=\"https:\/\/adwjachimczyk.pl\/index.php\/author\/admin8116\/\" title=\"Wpisy od Adw. Mateusz Jachimczyk\" rel=\"author\">Adw. Mateusz Jachimczyk<\/a><\/li>\r\n\t\t\t\t\t\t\t\t\t\t\t\t<li><i class=\"fa fa-comment-o\" aria-hidden=\"true\"><\/i><a href=\"https:\/\/adwjachimczyk.pl\/index.php\/2025\/03\/27\/prawomocna-wygrana-niewaznosc-umowy-kredytowej-banku-millennium\/#respond\"> 0<\/a><\/li>\r\n\t\t\t\t\t\t\t\t\t\t\t<\/ul>\r\n\t\t\t\t<\/div>\t\t\r\n\t\t\t\t<div class=\"entry-content\">\r\n\t\t\t\t\t<h3><a href=\"https:\/\/adwjachimczyk.pl\/index.php\/2025\/03\/27\/prawomocna-wygrana-niewaznosc-umowy-kredytowej-banku-millennium\/\">Prawomocna wygrana &#8211; Niewa\u017cno\u015b\u0107 umowy kredytowej Banku Millennium<\/a><\/h3>\r\n\t\t\t\t\t\t\t\t\t\t<p class=\"blog-text\">Wyrok z 15 listopada 2024 roku uzna\u0142 umow\u0119 kredytow\u0105 zawart\u0105 w 2008 roku za niewa\u017cn\u0105 i zas\u0105dzi\u0142 na&hellip;<\/p>\r\n\t\t\t\t<\/div>\t\t\r\n\t\t\t<\/div>\t\r\n\t\t\t\t\t\t\t\t<div class=\"rt-post-slider-3\">\r\n\t\t\t\t<div class=\"entry-thumbnail-area\">\r\n\t\t\t\t\t<a href=\"https:\/\/adwjachimczyk.pl\/index.php\/2024\/11\/19\/wezwanie-do-zaplaty-z-banku\/\">\r\n\t\t\t\t\t\t\t\t\t\t\t<img width=\"370\" height=\"270\" src=\"https:\/\/adwjachimczyk.pl\/wp-content\/uploads\/2024\/11\/wezwaniepkobp-370x270.jpg\" class=\"img-resfponsive wp-post-image\" alt=\"\" decoding=\"async\" loading=\"lazy\" srcset=\"https:\/\/adwjachimczyk.pl\/wp-content\/uploads\/2024\/11\/wezwaniepkobp-370x270.jpg 370w, https:\/\/adwjachimczyk.pl\/wp-content\/uploads\/2024\/11\/wezwaniepkobp-100x72.jpg 100w, https:\/\/adwjachimczyk.pl\/wp-content\/uploads\/2024\/11\/wezwaniepkobp-560x410.jpg 560w\" sizes=\"(max-width: 370px) 100vw, 370px\" \/>\t\t\t\t\t<span class=\"post-date\">lis 19, 2024<\/span><\/a>\r\n\t\t\t\t\t<ul class=\"\">\r\n\t\t\t\t\t\t\t\t\t\t\t\t<li class=\"active\">lis 19, 2024<\/li>\r\n\t\t\t\t\t\t\t\t\t\t\r\n\t\t\t\t\t\t\t\t\t\t\t\t<li class=\"miako-author\"><i class=\"fa fa-user\" aria-hidden=\"true\"><\/i><span> By <\/span><a href=\"https:\/\/adwjachimczyk.pl\/index.php\/author\/admin8116\/\" title=\"Wpisy od Adw. Mateusz Jachimczyk\" rel=\"author\">Adw. Mateusz Jachimczyk<\/a><\/li>\r\n\t\t\t\t\t\t\t\t\t\t\t\t<li><i class=\"fa fa-comment-o\" aria-hidden=\"true\"><\/i><a href=\"https:\/\/adwjachimczyk.pl\/index.php\/2024\/11\/19\/wezwanie-do-zaplaty-z-banku\/#respond\"> 0<\/a><\/li>\r\n\t\t\t\t\t\t\t\t\t\t\t<\/ul>\r\n\t\t\t\t<\/div>\t\t\r\n\t\t\t\t<div class=\"entry-content\">\r\n\t\t\t\t\t<h3><a href=\"https:\/\/adwjachimczyk.pl\/index.php\/2024\/11\/19\/wezwanie-do-zaplaty-z-banku\/\">Wezwanie do zap\u0142aty z Banku<\/a><\/h3>\r\n\t\t\t\t\t\t\t\t\t\t<p class=\"blog-text\">Jak reagowa\u0107 na wezwanie do zap\u0142aty od banku?\u00a0 W ostatnim czasie coraz wi\u0119cej kredytobiorc\u00f3w, w tym r\u00f3wnie\u017c tych,&hellip;<\/p>\r\n\t\t\t\t<\/div>\t\t\r\n\t\t\t<\/div>\t\r\n\t\t\t\t\t\t\t\t<div class=\"rt-post-slider-3\">\r\n\t\t\t\t<div class=\"entry-thumbnail-area\">\r\n\t\t\t\t\t<a href=\"https:\/\/adwjachimczyk.pl\/index.php\/2024\/11\/15\/trzy-sprawy-jeden-rezultat-niewaznosc-umowy\/\">\r\n\t\t\t\t\t\t\t\t\t\t\t<img width=\"370\" height=\"270\" src=\"https:\/\/adwjachimczyk.pl\/wp-content\/uploads\/2024\/11\/3wygrane-370x270.jpg\" class=\"img-resfponsive wp-post-image\" alt=\"\" decoding=\"async\" loading=\"lazy\" srcset=\"https:\/\/adwjachimczyk.pl\/wp-content\/uploads\/2024\/11\/3wygrane-370x270.jpg 370w, https:\/\/adwjachimczyk.pl\/wp-content\/uploads\/2024\/11\/3wygrane-100x72.jpg 100w, https:\/\/adwjachimczyk.pl\/wp-content\/uploads\/2024\/11\/3wygrane-560x410.jpg 560w\" sizes=\"(max-width: 370px) 100vw, 370px\" \/>\t\t\t\t\t<span class=\"post-date\">lis 15, 2024<\/span><\/a>\r\n\t\t\t\t\t<ul class=\"\">\r\n\t\t\t\t\t\t\t\t\t\t\t\t<li class=\"active\">lis 15, 2024<\/li>\r\n\t\t\t\t\t\t\t\t\t\t\r\n\t\t\t\t\t\t\t\t\t\t\t\t<li class=\"miako-author\"><i class=\"fa fa-user\" aria-hidden=\"true\"><\/i><span> By <\/span><a href=\"https:\/\/adwjachimczyk.pl\/index.php\/author\/admin8116\/\" title=\"Wpisy od Adw. Mateusz Jachimczyk\" rel=\"author\">Adw. Mateusz Jachimczyk<\/a><\/li>\r\n\t\t\t\t\t\t\t\t\t\t\t\t<li><i class=\"fa fa-comment-o\" aria-hidden=\"true\"><\/i><a href=\"https:\/\/adwjachimczyk.pl\/index.php\/2024\/11\/15\/trzy-sprawy-jeden-rezultat-niewaznosc-umowy\/#respond\"> 0<\/a><\/li>\r\n\t\t\t\t\t\t\t\t\t\t\t<\/ul>\r\n\t\t\t\t<\/div>\t\t\r\n\t\t\t\t<div class=\"entry-content\">\r\n\t\t\t\t\t<h3><a href=\"https:\/\/adwjachimczyk.pl\/index.php\/2024\/11\/15\/trzy-sprawy-jeden-rezultat-niewaznosc-umowy\/\">Trzy sprawy, jeden rezultat. Niewa\u017cno\u015b\u0107 umowy<\/a><\/h3>\r\n\t\t\t\t\t\t\t\t\t\t<p class=\"blog-text\">Przedstawiamy Pa\u0144stwu trzy najnowsze wyroki w prowadzonych przez nas sprawach kredyt\u00f3w powi\u0105zanych z walut\u0105 franka szwajcarskiego. Ka\u017cda z&hellip;<\/p>\r\n\t\t\t\t<\/div>\t\t\r\n\t\t\t<\/div>\t\r\n\t\t\t\t\t\t\t\t<div class=\"rt-post-slider-3\">\r\n\t\t\t\t<div class=\"entry-thumbnail-area\">\r\n\t\t\t\t\t<a href=\"https:\/\/adwjachimczyk.pl\/index.php\/2024\/08\/01\/niewaznosc-umowy-oraz-zwrot-wplaconych-kwot\/\">\r\n\t\t\t\t\t\t\t\t\t\t\t<img width=\"370\" height=\"270\" src=\"https:\/\/adwjachimczyk.pl\/wp-content\/uploads\/2024\/08\/raiff-Hor-370x270.jpg\" class=\"img-resfponsive wp-post-image\" alt=\"\" decoding=\"async\" loading=\"lazy\" srcset=\"https:\/\/adwjachimczyk.pl\/wp-content\/uploads\/2024\/08\/raiff-Hor-370x270.jpg 370w, https:\/\/adwjachimczyk.pl\/wp-content\/uploads\/2024\/08\/raiff-Hor-100x72.jpg 100w, https:\/\/adwjachimczyk.pl\/wp-content\/uploads\/2024\/08\/raiff-Hor-560x410.jpg 560w\" sizes=\"(max-width: 370px) 100vw, 370px\" \/>\t\t\t\t\t<span class=\"post-date\">sie 01, 2024<\/span><\/a>\r\n\t\t\t\t\t<ul class=\"\">\r\n\t\t\t\t\t\t\t\t\t\t\t\t<li class=\"active\">sie 01, 2024<\/li>\r\n\t\t\t\t\t\t\t\t\t\t\r\n\t\t\t\t\t\t\t\t\t\t\t\t<li class=\"miako-author\"><i class=\"fa fa-user\" aria-hidden=\"true\"><\/i><span> By <\/span><a href=\"https:\/\/adwjachimczyk.pl\/index.php\/author\/admin8116\/\" title=\"Wpisy od Adw. Mateusz Jachimczyk\" rel=\"author\">Adw. Mateusz Jachimczyk<\/a><\/li>\r\n\t\t\t\t\t\t\t\t\t\t\t\t<li><i class=\"fa fa-comment-o\" aria-hidden=\"true\"><\/i><a href=\"https:\/\/adwjachimczyk.pl\/index.php\/2024\/08\/01\/niewaznosc-umowy-oraz-zwrot-wplaconych-kwot\/#respond\"> 0<\/a><\/li>\r\n\t\t\t\t\t\t\t\t\t\t\t<\/ul>\r\n\t\t\t\t<\/div>\t\t\r\n\t\t\t\t<div class=\"entry-content\">\r\n\t\t\t\t\t<h3><a href=\"https:\/\/adwjachimczyk.pl\/index.php\/2024\/08\/01\/niewaznosc-umowy-oraz-zwrot-wplaconych-kwot\/\">Niewa\u017cno\u015b\u0107 umowy oraz zwrot wp\u0142aconych kwot<\/a><\/h3>\r\n\t\t\t\t\t\t\t\t\t\t<p class=\"blog-text\">Pozwy, kt\u00f3re by\u0142y z\u0142o\u017cone w S\u0105dzie Okr\u0119gowym w Warszawie przed powstanie tzw. Wydzia\u0142u frankowego, cz\u0119sto sw\u00f3j fina\u0142 maj\u0105&hellip;<\/p>\r\n\t\t\t\t<\/div>\t\t\r\n\t\t\t<\/div>\t\r\n\t\t\t\t\t<\/div>\r\n<\/div>[\/vc_column][\/vc_row][vc_row][vc_column width=&#8221;1\/3&#8243;]<div class=\"rt-award-box \" style=\"\">\n\t<div class=\"single-wining-section\">\n\t\t<div class=\"image\" style=\" padding-bottom: 30px;\">\n\t\t\t\t\t\t\t<i class=\"flaticon-custom-handshake\" aria-hidden=\"true\" style=\"color: #dd9933; font-size: 30px;\"><\/i>\n\t\t\t\t\t<\/div>\n\t\t<div class=\"divider-line\"><\/div>\n\t\t<div style=\"\">375 PROWADZONYCH SPRAW CHF<\/div>\n\t<\/div>\n<\/div>[\/vc_column][vc_column width=&#8221;1\/3&#8243;]<div class=\"rt-award-box \" style=\"\">\n\t<div class=\"single-wining-section\">\n\t\t<div class=\"image\" style=\" padding-bottom: 30px;\">\n\t\t\t\t\t\t\t<i class=\"flaticon-sam-medal\" aria-hidden=\"true\" style=\"color: #dd9933; font-size: 30px;\"><\/i>\n\t\t\t\t\t<\/div>\n\t\t<div class=\"divider-line\"><\/div>\n\t\t<div style=\"\">70 WYGRANYCH<\/div>\n\t<\/div>\n<\/div>[\/vc_column][vc_column width=&#8221;1\/3&#8243;]<div class=\"rt-award-box \" style=\"\">\n\t<div class=\"single-wining-section\">\n\t\t<div class=\"image\" style=\" padding-bottom: 30px;\">\n\t\t\t\t\t\t\t<i class=\"flaticon-sam-trophy\" aria-hidden=\"true\" style=\"color: #dd9933; font-size: 30px;\"><\/i>\n\t\t\t\t\t<\/div>\n\t\t<div class=\"divider-line\"><\/div>\n\t\t<div style=\"\">15 PRAWOMOCNYCH WYGRANYCH<\/div>\n\t<\/div>\n<\/div>[\/vc_column][\/vc_row][vc_row full_width=&#8221;stretch_row&#8221; css=&#8221;.vc_custom_1512630076020{padding-top: 73px !important;padding-bottom: 111px !important;background-image: url(http:\/\/adwjachimczyk.pl\/wp-content\/uploads\/2017\/10\/banner.jpg?id=1920) !important;}&#8221; el_class=&#8221;rt-text-advertise&#8221;][vc_column][vc_column_text]<\/p>\n<h2>Przejrzyste stawki wynagrodzenia.<br \/>\nBez ukrytych koszt\u00f3w.<\/h2>\n<p>[\/vc_column_text][\/vc_column][\/vc_row][vc_row full_width=&#8221;stretch_row&#8221; css=&#8221;.vc_custom_1543074204869{background-color: #cf9455 !important;}&#8221;][vc_column]<div class=\"rt-cta-1  rt-has-sub\">\n\t<div class=\"container\">\n\t\t<div class=\"row\">\n\t\t\t<div class=\"col-lg-9 col-md-9 col-sm-12 col-xs-12\">\n\t\t\t\t<h3 style=\"\">Masz kredyt CHF ? Chcesz go uniewa\u017cni\u0107?<\/h3>\n\t\t\t<\/div>\n\t\t\t<div class=\"col-lg-3 col-md-3 col-sm-12 col-xs-12\">\n\t\t\t\t<div class=\"rtin-cta-contact-button\">\n\t\t\t\t\t\t\t\t\t\t<a class=\"rdtheme-button-5\" href=\"https:\/\/adwjachimczyk.pl\/index.php\/kredyty-frankowe\/\">Sprawd\u017a!<\/a>\n\t\t\t\t\t\t\t\t\t<\/div>\n\t\t\t<\/div>\n\t\t<\/div>\n\t<\/div>\n<\/div>[\/vc_column][\/vc_row][vc_row][vc_column width=&#8221;1\/3&#8243;]<div class=\"media rt-info-text  layout1\" style=\"\" data-color=\"#222222\" data-hover=\"#000000\" data-title-color=\"#222222\" data-title-hover=\"#cf9455\">\n    <div class=\"pull-left rounded\" style=\"\">\n                    <i class=\"fa fa-handshake-o\" aria-hidden=\"true\" style=\"color: #222222;\"><\/i>\n            <\/div>\n    <div class=\"media-body\">\n        <h3 class=\"media-heading\" style=\"color:#222222\">Oferta<\/h3>\n        <div style=\"\"><\/p>\n<ol>\n<li>Przygotowanie pozwu\/odpowiedzi na pozew<\/li>\n<li>Przygotowanie dalszych pism procesowych<\/li>\n<li>Reprezentowanie na rozprawie<\/li>\n<li>Przygotowanie Apelacji\/odpowiedzi na apelacj\u0119<\/li>\n<li>Egzekucja wyroku<\/li>\n<li>Przygotowanie wniosku o wykre\u015blenie hipoteki<\/li>\n<li>Rozliczenie Stron<\/li>\n<\/ol>\n<p><\/div>\n\t\t    <\/div>\n    <div class=\"clear\"><\/div>\n<\/div>[\/vc_column][vc_column width=&#8221;1\/3&#8243;]<div class=\"media rt-info-text  layout1\" style=\"\" data-color=\"#222222\" data-hover=\"#000000\" data-title-color=\"#222222\" data-title-hover=\"#cf9455\">\n    <div class=\"pull-left rounded\" style=\"\">\n                    <i class=\"flaticon-custom-target\" aria-hidden=\"true\" style=\"color: #222222;\"><\/i>\n            <\/div>\n    <div class=\"media-body\">\n        <h3 class=\"media-heading\" style=\"color:#222222\">Wygrywamy z:<\/h3>\n        <div style=\"\"><\/p>\n<ol>\n<li>Bank Millennium<\/li>\n<li>mBank<\/li>\n<li>Raiffaisen Bank International AG<\/li>\n<li>PKO BP<\/li>\n<li>Bank BPH<\/li>\n<li>Getin Bank<\/li>\n<li>PEKAO<\/li>\n<li>Deutsche Bank<\/li>\n<li>Santander Bank<\/li>\n<\/ol>\n<p>.<\/div>\n\t\t    <\/div>\n    <div class=\"clear\"><\/div>\n<\/div>[\/vc_column][vc_column width=&#8221;1\/3&#8243;]<div class=\"media rt-info-text  layout1\" style=\"\" data-color=\"#222222\" data-hover=\"#000000\" data-title-color=\"#222222\" data-title-hover=\"#cf9455\">\n    <div class=\"pull-left rounded\" style=\"\">\n                    <i class=\"flaticon-finance-rich\" aria-hidden=\"true\" style=\"color: #222222;\"><\/i>\n            <\/div>\n    <div class=\"media-body\">\n        <h3 class=\"media-heading\" style=\"color:#222222\">Oferta wsp\u00f3\u0142pracy<\/h3>\n        <div style=\"\">Kancelaria oferuje model wynagrodzenia opartego 0:<\/p>\n<ol>\n<li>Rycza\u0142t &#8211; od pocz\u0105tku wiesz ile zap\u0142acisz za spraw\u0119;<\/li>\n<li>Rycza\u0142t + wynagrodzenie od sukcesu &#8211; mniejsza wp\u0142ata na start, jednak\u017ce w og\u00f3lnym rozrachunku wi\u0119ksze wynagrodzenie od tego opartego o rycza\u0142t;<\/li>\n<li>Stawka godzinowa &#8211; w przypadku nielicznych spraw, w kt\u00f3rych nie jest mo\u017cliwe okre\u015blenie nak\u0142adu pracy;<\/li>\n<\/ol>\n<p>W ka\u017cdym przypadku istnieje mo\u017cliwo\u015b\u0107 roz\u0142o\u017cenia wynagrodzenia na raty 0 %<\/div>\n\t\t    <\/div>\n    <div class=\"clear\"><\/div>\n<\/div>[\/vc_column][\/vc_row]<\/p>\n","protected":false},"excerpt":{"rendered":"<p>[vc_row][vc_column width=&#8221;1\/2&#8243;][vc_video link=&#8221;https:\/\/youtu.be\/DPPctsgJmqc&#8221;][\/vc_column][vc_column width=&#8221;1\/2&#8243;][vc_column_text] Masz kredyt CHF? Rozwi\u0105\u017c ten problem! 100% wygranych spraw! Chcesz uniewa\u017cni\u0107 umow\u0119? Wy\u015blij mi swoj\u0105 umow\u0119 na adres biuro@adwjachimczyk.pl, a w 24h otrzymasz darmow\u0105 porad\u0119 oraz wst\u0119pn\u0105 kalkulacj\u0119 tego, co mo\u017cesz uzyska\u0107 kieruj\u0105c spraw\u0119 do s\u0105du. Wraz z analiz\u0105 otrzymasz ofert\u0119 wsp\u00f3\u0142pracy z Kancelari\u0105, kt\u00f3ra zawiera dok\u0142adne wyliczenie kwoty, kt\u00f3r\u0105 b\u0119dziesz [&hellip;]<\/p>\n","protected":false},"author":1,"featured_media":0,"parent":0,"menu_order":0,"comment_status":"closed","ping_status":"closed","template":"","meta":{"om_disable_all_campaigns":false,"_mi_skip_tracking":false},"aioseo_notices":[],"_links":{"self":[{"href":"https:\/\/adwjachimczyk.pl\/index.php\/wp-json\/wp\/v2\/pages\/1885"}],"collection":[{"href":"https:\/\/adwjachimczyk.pl\/index.php\/wp-json\/wp\/v2\/pages"}],"about":[{"href":"https:\/\/adwjachimczyk.pl\/index.php\/wp-json\/wp\/v2\/types\/page"}],"author":[{"embeddable":true,"href":"https:\/\/adwjachimczyk.pl\/index.php\/wp-json\/wp\/v2\/users\/1"}],"replies":[{"embeddable":true,"href":"https:\/\/adwjachimczyk.pl\/index.php\/wp-json\/wp\/v2\/comments?post=1885"}],"version-history":[{"count":47,"href":"https:\/\/adwjachimczyk.pl\/index.php\/wp-json\/wp\/v2\/pages\/1885\/revisions"}],"predecessor-version":[{"id":6335,"href":"https:\/\/adwjachimczyk.pl\/index.php\/wp-json\/wp\/v2\/pages\/1885\/revisions\/6335"}],"wp:attachment":[{"href":"https:\/\/adwjachimczyk.pl\/index.php\/wp-json\/wp\/v2\/media?parent=1885"}],"curies":[{"name":"wp","href":"https:\/\/api.w.org\/{rel}","templated":true}]}}