{"id":1874,"date":"2017-10-04T07:06:28","date_gmt":"2017-10-04T07:06:28","guid":{"rendered":"https:\/\/www.radiustheme.com\/demo\/wordpress\/miako\/?page_id=1874"},"modified":"2023-04-05T17:07:36","modified_gmt":"2023-04-05T15:07:36","slug":"kontakt","status":"publish","type":"page","link":"https:\/\/adwjachimczyk.pl\/index.php\/kontakt\/","title":{"rendered":"Kontakt"},"content":{"rendered":"<p>[vc_row full_width=&#8221;stretch_row_content_no_spaces&#8221; css=&#8221;.vc_custom_1503478993146{margin-top: 0px !important;padding-top: 0px !important;padding-bottom: 90px !important;}&#8221;][vc_column][vc_gmaps link=&#8221;#E-8_JTNDaWZyYW1lJTIwc3JjJTNEJTIyaHR0cHMlM0ElMkYlMkZ3d3cuZ29vZ2xlLmNvbSUyRm1hcHMlMkZlbWJlZCUzRnBiJTNEJTIxMW0xOCUyMTFtMTIlMjExbTMlMjExZDI0NDQuODkyMTAwOTIzMTY1MyUyMTJkMjEuMDE4ODM2MzE1ODQ4NjM4JTIxM2Q1Mi4yMDkwMDgyNjY5ODIxMjQlMjEybTMlMjExZjAlMjEyZjAlMjEzZjAlMjEzbTIlMjExaTEwMjQlMjEyaTc2OCUyMTRmMTMuMSUyMTNtMyUyMTFtMiUyMTFzMHg0NzFlY2RkMzA5ZWI1ZmE1JTI1M0EweDEyMTVlZTc4NzYwZmQ3NzglMjEyc0Fkd29rYXQlMjUyME1hdGV1c3olMjUyMEphY2hpbWN6eWslMjUyMEthbmNlbGFyaWElMjUyMEFkd29rYWNrYSUyNTIwQWR3b2thdCUyNTIwV2Fyc3phd2ElMjE1ZTAlMjEzbTIlMjExc3BsJTIxMnNwbCUyMTR2MTYyMjgzMzIxOTI5NyUyMTVtMiUyMTFzcGwlMjEyc3BsJTIyJTIwd2lkdGglM0QlMjI2MDAlMjIlMjBoZWlnaHQlM0QlMjI0NTAlMjIlMjBzdHlsZSUzRCUyMmJvcmRlciUzQTAlM0IlMjIlMjBhbGxvd2Z1bGxzY3JlZW4lM0QlMjIlMjIlMjBsb2FkaW5nJTNEJTIybGF6eSUyMiUzRSUzQyUyRmlmcmFtZSUzRQ==&#8221;][\/vc_column][\/vc_row][vc_row][vc_column width=&#8221;2\/3&#8243;]\n<div class=\"wpcf7 no-js\" id=\"wpcf7-f6185-o1\" lang=\"pl-PL\" dir=\"ltr\">\n<div class=\"screen-reader-response\"><p role=\"status\" aria-live=\"polite\" aria-atomic=\"true\"><\/p> <ul><\/ul><\/div>\n<form action=\"\/index.php\/wp-json\/wp\/v2\/pages\/1874#wpcf7-f6185-o1\" method=\"post\" class=\"wpcf7-form init\" aria-label=\"Formularz kontaktowy\" enctype=\"multipart\/form-data\" novalidate=\"novalidate\" data-status=\"init\">\n<div style=\"display: none;\">\n<input type=\"hidden\" name=\"_wpcf7\" value=\"6185\" \/>\n<input type=\"hidden\" name=\"_wpcf7_version\" value=\"5.7.4\" \/>\n<input type=\"hidden\" name=\"_wpcf7_locale\" value=\"pl_PL\" \/>\n<input type=\"hidden\" name=\"_wpcf7_unit_tag\" value=\"wpcf7-f6185-o1\" \/>\n<input type=\"hidden\" name=\"_wpcf7_container_post\" value=\"0\" \/>\n<input type=\"hidden\" name=\"_wpcf7_posted_data_hash\" value=\"\" \/>\n<\/div>\n<p><label> Twoje imi\u0119 i nazwisko<br \/>\n<span class=\"wpcf7-form-control-wrap\" data-name=\"your-name\"><input size=\"40\" class=\"wpcf7-form-control wpcf7-text wpcf7-validates-as-required\" autocomplete=\"name\" aria-required=\"true\" aria-invalid=\"false\" value=\"\" type=\"text\" name=\"your-name\" \/><\/span> <\/label>\n<\/p>\n<p><label> Tw\u00f3j adres e-mail<br \/>\n<span class=\"wpcf7-form-control-wrap\" data-name=\"your-email\"><input size=\"40\" class=\"wpcf7-form-control wpcf7-text wpcf7-email wpcf7-validates-as-required wpcf7-validates-as-email\" autocomplete=\"email\" aria-required=\"true\" aria-invalid=\"false\" value=\"\" type=\"email\" name=\"your-email\" \/><\/span> <\/label>\n<\/p>\n<p><label> Temat<br \/>\n<span class=\"wpcf7-form-control-wrap\" data-name=\"your-subject\"><input size=\"40\" class=\"wpcf7-form-control wpcf7-text wpcf7-validates-as-required\" aria-required=\"true\" aria-invalid=\"false\" value=\"\" type=\"text\" name=\"your-subject\" \/><\/span> <\/label>\n<\/p>\n<p><label> Twoja wiadomo\u015bci (opcjonalne)<br \/>\n<span class=\"wpcf7-form-control-wrap\" data-name=\"your-message\"><textarea cols=\"40\" rows=\"10\" class=\"wpcf7-form-control wpcf7-textarea\" aria-invalid=\"false\" name=\"your-message\"><\/textarea><\/span> <\/label>\n<\/p>\n<p><label> Za\u0142\u0105cznik (opcjonalne)<br \/>\n<span class=\"wpcf7-form-control-wrap\" data-name=\"file-403\"><input size=\"40\" class=\"wpcf7-form-control wpcf7-file\" accept=\".pdf,.jpg\" aria-invalid=\"false\" type=\"file\" name=\"file-403\" \/><\/span><\/label>\n<\/p>\n<p><input class=\"wpcf7-form-control has-spinner wpcf7-submit\" type=\"submit\" value=\"Wy\u015blij\" \/>\n<\/p><div class=\"wpcf7-response-output\" aria-hidden=\"true\"><\/div>\n<\/form>\n<\/div>\n[\/vc_column][vc_column width=&#8221;1\/3&#8243;]<div class=\"\">\n\t<div class=\"rt-contact-info\">\n\t\t\t\t\t<h2 style=\"color:#000000;\">Adres Kancelarii<\/h2>\n\t\t\t\t\t<p style=\"color:#666666;\">Biuro mie\u015bci si\u0119 na skrzy\u017cowaniu ulic Ch\u0142odnej i \u017belaznej. Do budynku dojedziesz skr\u0119caj\u0105c z ulicy Ch\u0142odnej obok postoju taks\u00f3wek oraz poprzez parking mi\u0119dzy budynkami ul. Ch\u0142odnej 22 i 20. Do Kancelarii dojedziesz do niego zar\u00f3wno komunikacj\u0105 miejsk\u0105 (przystanek Ch\u0142odna 01 i 02), jak i samochodem, kt\u00f3ry mo\u017cesz zaparkowa\u0107 wzd\u0142u\u017c g\u0142\u00f3wnych ulic (parking ZDM).<br \/>\nWszelkie pytania prosz\u0119 kierowa\u0107 za pomoc\u0105 formularza znajduj\u0105cego si\u0119 obok lub telefonicznie pod numerem wskazanym poni\u017cej.<\/p>\n\t\t\t\t\n\t\t<ul>\n\t\t\t<li><i class=\"fa fa-map-marker\" aria-hidden=\"true\"><\/i> ul. Ch\u0142odna 22a lok. 9\/10, 00-891 Warszawa<\/li><li><i class=\"fa fa-phone\" aria-hidden=\"true\"><\/i> <a href=\"tel:+48 668 336 169\">+48 668 336 169<\/a><\/li><li><i class=\"fa fa-envelope-o\" aria-hidden=\"true\"><\/i> <a href=\"mailto:biuro@adwjachimczyk.pl\">biuro@adwjachimczyk.pl<\/a><\/li>\t\t<\/ul>\n\t<\/div>\n<\/div>[\/vc_column][\/vc_row]<\/p>\n","protected":false},"excerpt":{"rendered":"<p>[vc_row full_width=&#8221;stretch_row_content_no_spaces&#8221; css=&#8221;.vc_custom_1503478993146{margin-top: 0px !important;padding-top: 0px !important;padding-bottom: 90px !important;}&#8221;][vc_column][vc_gmaps link=&#8221;#E-8_JTNDaWZyYW1lJTIwc3JjJTNEJTIyaHR0cHMlM0ElMkYlMkZ3d3cuZ29vZ2xlLmNvbSUyRm1hcHMlMkZlbWJlZCUzRnBiJTNEJTIxMW0xOCUyMTFtMTIlMjExbTMlMjExZDI0NDQuODkyMTAwOTIzMTY1MyUyMTJkMjEuMDE4ODM2MzE1ODQ4NjM4JTIxM2Q1Mi4yMDkwMDgyNjY5ODIxMjQlMjEybTMlMjExZjAlMjEyZjAlMjEzZjAlMjEzbTIlMjExaTEwMjQlMjEyaTc2OCUyMTRmMTMuMSUyMTNtMyUyMTFtMiUyMTFzMHg0NzFlY2RkMzA5ZWI1ZmE1JTI1M0EweDEyMTVlZTc4NzYwZmQ3NzglMjEyc0Fkd29rYXQlMjUyME1hdGV1c3olMjUyMEphY2hpbWN6eWslMjUyMEthbmNlbGFyaWElMjUyMEFkd29rYWNrYSUyNTIwQWR3b2thdCUyNTIwV2Fyc3phd2ElMjE1ZTAlMjEzbTIlMjExc3BsJTIxMnNwbCUyMTR2MTYyMjgzMzIxOTI5NyUyMTVtMiUyMTFzcGwlMjEyc3BsJTIyJTIwd2lkdGglM0QlMjI2MDAlMjIlMjBoZWlnaHQlM0QlMjI0NTAlMjIlMjBzdHlsZSUzRCUyMmJvcmRlciUzQTAlM0IlMjIlMjBhbGxvd2Z1bGxzY3JlZW4lM0QlMjIlMjIlMjBsb2FkaW5nJTNEJTIybGF6eSUyMiUzRSUzQyUyRmlmcmFtZSUzRQ==&#8221;][\/vc_column][\/vc_row][vc_row][vc_column width=&#8221;2\/3&#8243;][\/vc_column][vc_column width=&#8221;1\/3&#8243;][\/vc_column][\/vc_row]<\/p>\n","protected":false},"author":1,"featured_media":0,"parent":0,"menu_order":0,"comment_status":"closed","ping_status":"closed","template":"","meta":{"om_disable_all_campaigns":false,"_mi_skip_tracking":false},"aioseo_notices":[],"_links":{"self":[{"href":"https:\/\/adwjachimczyk.pl\/index.php\/wp-json\/wp\/v2\/pages\/1874"}],"collection":[{"href":"https:\/\/adwjachimczyk.pl\/index.php\/wp-json\/wp\/v2\/pages"}],"about":[{"href":"https:\/\/adwjachimczyk.pl\/index.php\/wp-json\/wp\/v2\/types\/page"}],"author":[{"embeddable":true,"href":"https:\/\/adwjachimczyk.pl\/index.php\/wp-json\/wp\/v2\/users\/1"}],"replies":[{"embeddable":true,"href":"https:\/\/adwjachimczyk.pl\/index.php\/wp-json\/wp\/v2\/comments?post=1874"}],"version-history":[{"count":6,"href":"https:\/\/adwjachimczyk.pl\/index.php\/wp-json\/wp\/v2\/pages\/1874\/revisions"}],"predecessor-version":[{"id":6281,"href":"https:\/\/adwjachimczyk.pl\/index.php\/wp-json\/wp\/v2\/pages\/1874\/revisions\/6281"}],"wp:attachment":[{"href":"https:\/\/adwjachimczyk.pl\/index.php\/wp-json\/wp\/v2\/media?parent=1874"}],"curies":[{"name":"wp","href":"https:\/\/api.w.org\/{rel}","templated":true}]}}